{"id":103242,"date":"2019-03-19T20:53:42","date_gmt":"2019-03-19T19:53:42","guid":{"rendered":"http:\/\/antartida.tv\/web\/politica-de-cookies\/"},"modified":"2024-06-05T06:52:45","modified_gmt":"2024-06-05T04:52:45","slug":"politica-de-cookies","status":"publish","type":"page","link":"https:\/\/antartida.tv\/web\/es\/politica-de-cookies\/","title":{"rendered":"Pol\u00edtica de Cookies"},"content":{"rendered":"[et_pb_section fb_built=\u00bb1&#8243; fullwidth=\u00bbon\u00bb custom_padding_last_edited=\u00bbon|desktop\u00bb _builder_version=\u00bb4.16&#8243; background_color=\u00bb#ffffff\u00bb custom_padding=\u00bb0px||0px||true\u00bb custom_padding_tablet=\u00bb0px||0px||true\u00bb custom_padding_phone=\u00bb\u00bb locked=\u00bboff\u00bb global_colors_info=\u00bb{}\u00bb][et_pb_fullwidth_header title=\u00bbPol\u00edtica de cookies\u00bb text_orientation=\u00bbcenter\u00bb background_overlay_color=\u00bbrgba(29,43,48,0.2)\u00bb _builder_version=\u00bb4.25.0&#8243; title_font_size=\u00bb48px\u00bb subhead_font=\u00bb||||||||\u00bb background_color=\u00bbrgba(255,255,255,0)\u00bb background_image=\u00bbhttp:\/\/antartida.tv\/web\/wp-content\/uploads\/2024\/03\/aboveWaves-1.jpg\u00bb max_width_tablet=\u00bb50px\u00bb custom_padding=\u00bb150px||150px||true\u00bb custom_padding_tablet=\u00bb100px||100px||true\u00bb custom_padding_phone=\u00bb50px||50px||true\u00bb custom_padding_last_edited=\u00bbon|phone\u00bb title_font_size_tablet=\u00bb\u00bb title_font_size_phone=\u00bb30px\u00bb title_font_size_last_edited=\u00bbon|phone\u00bb custom_css_main_element=\u00bbpadding-top: 110px;||padding-bottom: 180px;\u00bb global_colors_info=\u00bb{}\u00bb button_one_text_size__hover_enabled=\u00bboff\u00bb button_two_text_size__hover_enabled=\u00bboff\u00bb button_one_text_color__hover_enabled=\u00bboff\u00bb button_two_text_color__hover_enabled=\u00bboff\u00bb button_one_border_width__hover_enabled=\u00bboff\u00bb button_two_border_width__hover_enabled=\u00bboff\u00bb button_one_border_color__hover_enabled=\u00bboff\u00bb button_two_border_color__hover_enabled=\u00bboff\u00bb button_one_border_radius__hover_enabled=\u00bboff\u00bb button_two_border_radius__hover_enabled=\u00bboff\u00bb button_one_letter_spacing__hover_enabled=\u00bboff\u00bb button_two_letter_spacing__hover_enabled=\u00bboff\u00bb button_one_bg_color__hover_enabled=\u00bboff\u00bb button_two_bg_color__hover_enabled=\u00bboff\u00bb][\/et_pb_fullwidth_header][\/et_pb_section][et_pb_section fb_built=\u00bb1&#8243; admin_label=\u00bbsection\u00bb _builder_version=\u00bb4.16&#8243; custom_padding=\u00bb100px|||||\u00bb global_colors_info=\u00bb{}\u00bb][et_pb_row admin_label=\u00bbrow\u00bb _builder_version=\u00bb4.16&#8243; background_size=\u00bbinitial\u00bb background_position=\u00bbtop_left\u00bb background_repeat=\u00bbrepeat\u00bb global_colors_info=\u00bb{}\u00bb][et_pb_column type=\u00bb4_4&#8243; _builder_version=\u00bb4.16&#8243; custom_padding=\u00bb|||\u00bb global_colors_info=\u00bb{}\u00bb custom_padding__hover=\u00bb|||\u00bb][et_pb_text admin_label=\u00bbText\u00bb _builder_version=\u00bb4.25.1&#8243; background_size=\u00bbinitial\u00bb background_position=\u00bbtop_left\u00bb background_repeat=\u00bbrepeat\u00bb hover_enabled=\u00bb0&#8243; global_colors_info=\u00bb{}\u00bb sticky_enabled=\u00bb0&#8243;]<p><span style=\"font-weight: 400;\">Cookie \u00e9s un fitxer que es descarrega al vostre ordinador en accedir a determinades p\u00e0gines web. Les galetes permeten a una p\u00e0gina web, entre altres coses, emmagatzemar i recuperar informaci\u00f3 sobre els h\u00e0bits de navegaci\u00f3 d\u2019un usuari o del seu equip i, depenent de la informaci\u00f3 que continguin i de la manera com utilitzi el seu equip, es poden utilitzar per recon\u00e8ixer a l\u2019usuari. El navegador de l\u2019usuari memoritza cookies al disc dur nom\u00e9s durant la sessi\u00f3 actual ocupant un espai de mem\u00f2ria m\u00ednim i no perjudicant l\u2019ordinador. Les galetes no contenen cap tipus d\u2019informaci\u00f3 personal espec\u00edfica, i la majoria s\u2019esborren del disc dur en finalitzar la sessi\u00f3 de navegador (les anomenades galetes de sessi\u00f3). La majoria dels navegadors accepten com a est\u00e0ndard les galetes i, amb independ\u00e8ncia de les mateixes, permeten o impedeixen en els ajustaments de seguretat les galetes temporals o memoritzades. Sense el vostre expr\u00e9s consentiment \u2013mitjan\u00e7ant l\u2019activaci\u00f3 de les cookies al vostre navegador no enlla\u00e7ar\u00e0 a les cookies les dades memoritzades amb les vostres dades personals proporcionades en el moment del registre o la compra.<\/span><\/p>\n<p><strong>\u00bfQU\u00c9 TIPO DE GALETAS \u2013 COOKIES UTILIZA ESTA P\u00c1GINA WEB?<\/strong><\/p>\n<p><b>\u00bfQu\u00e9 son las galletas (cookies)?<\/b><\/p>\n<p><span style=\"font-weight: 400;\">Las galletas son archivos que se pueden descargar en su equipo mediante las p\u00e1ginas web. Son herramientas que desempe\u00f1an un papel esencial para la prestaci\u00f3n de numerosos servicios de la sociedad de la informaci\u00f3n. Permiten a una p\u00e1gina web, por ejemplo, almacenar y recuperar informaci\u00f3n sobre los h\u00e1bitos de navegaci\u00f3n de un usuario o de su equipo y, dependiendo de la informaci\u00f3n obtenida, se pueden utilizar para reconocer al usuario y mejorar el servicio ofrecido.<\/span><\/p>\n<p><b>Tipo de galletas<\/b><\/p>\n<p><span style=\"font-weight: 400;\">Existen varios tipos de cookies seg\u00fan el plazo que permanecen activadas:<\/span><\/p>\n<ul>\n<li style=\"font-weight: 400;\" aria-level=\"1\"><b>Cookies de sesi\u00f3n: <\/b><span style=\"font-weight: 400;\">son cookies temporales que permanecen en el archivo de cookies de su navegador hasta que no abandone la p\u00e1gina web, por lo que no quedan registradas en el disco duro. La informaci\u00f3n obtenida por medio de estas cookies sirve para analizar pautas de tr\u00e1fico en el sitio web.<\/span><\/li>\n<li style=\"font-weight: 400;\" aria-level=\"1\"><b>Cookies permanentes o persistentes: <\/b><span style=\"font-weight: 400;\">son almacenadas en el disco duro y nuestra web las lee cada vez que realiza una visita.<\/span><\/li>\n<\/ul>\n<p><span style=\"font-weight: 400;\">Se pueden clasificar tambi\u00e9n seg\u00fan la entidad que gestione el dominio desde donde se env\u00edan y trate los datos que se obtengan. De acuerdo con este criterio, se pueden distinguir dos tipos:<\/span><\/p>\n<ul>\n<li style=\"font-weight: 400;\" aria-level=\"1\"><b>Cookies propias:<\/b><span style=\"font-weight: 400;\"> las que se env\u00edan al equipo terminal del usuario desde un equipo o dominio gestionado por el editor y desde el que se presta el servicio solicitado por el usuario.<\/span><\/li>\n<li style=\"font-weight: 400;\" aria-level=\"1\"><b>Cookies de terceros: l<\/b><span style=\"font-weight: 400;\">as que se env\u00edan al equipo terminal del usuario desde un equipo o dominio que no es gestionado por el editor, sino por otra entidad que trata los datos obtenidos por medio de las cookies.<\/span><\/li>\n<\/ul>\n<p><span style=\"font-weight: 400;\">Tambi\u00e9n pueden clasificarse seg\u00fan su finalidad.<\/span><\/p>\n<p><span style=\"font-weight: 400;\">A continuaci\u00f3n relacionamos las principales galletas utilizadas por BLEBA 30, S.L. en la web:<\/span><\/p>\n<ul>\n<li style=\"font-weight: 400;\" aria-level=\"1\"><b>Cookies de registro:<\/b><span style=\"font-weight: 400;\"> para identificar al usuario que ha iniciado sesi\u00f3n.<\/span><\/li>\n<li style=\"font-weight: 400;\" aria-level=\"1\"><b>Cookies de publicidad: <\/b><span style=\"font-weight: 400;\">para ofrecer contenidos publicitarios relacionados con los intereses del usuario, bien directamente, bien por medio de terceros llamados &#8216;Adservers&#8217;.<\/span><\/li>\n<li style=\"font-weight: 400;\" aria-level=\"1\"><b>Cookies anal\u00edticas:<\/b><span style=\"font-weight: 400;\"> para obtener informaci\u00f3n relacionada con la medici\u00f3n de la audiencia.<\/span><\/li>\n<li style=\"font-weight: 400;\" aria-level=\"1\"><b>Cookies sobre geolocalizaci\u00f3n: <\/b><span style=\"font-weight: 400;\">para recabar informaci\u00f3n sobre la localizaci\u00f3n geogr\u00e1fica del usuario.<\/span><\/li>\n<\/ul>\n<p><span style=\"font-weight: 400;\">Siguiendo la pol\u00edtica de protecci\u00f3n de datos de la empresa, BLEBA 30, S.L. informa que las cookies se asocian al usuario an\u00f3nimo ya su ordenador y no proporcionan por s\u00ed mismas ni el nombre ni los apellidos del usuario.<\/span><\/p>\n<p><span style=\"font-weight: 400;\">\u00a0<\/span><\/p>\n<p><b>Desactivaci\u00f3n y eliminaci\u00f3n de cookies<\/b><\/p>\n<p><span style=\"font-weight: 400;\">El usuario tiene la posibilidad de configurar su navegador de forma que sea informado de la recepci\u00f3n de cookies, con la posibilidad de impedir que se instalen en su disco duro.<\/span><\/p>\n<p><span style=\"font-weight: 400;\">Seg\u00fan el navegador que utilice, el usuario puede deshabilitar el uso de las cookies en:<\/span><\/p>\n<ul>\n<li style=\"font-weight: 400;\" aria-level=\"1\"><b>Chrome:<\/b><span style=\"font-weight: 400;\"> Configuraci\u00f3n &gt; Configuraci\u00f3n avanzada &gt; privacidad y seguridad &gt; Configuraci\u00f3n del contenido.<\/span><\/li>\n<li style=\"font-weight: 400;\" aria-level=\"1\"><b>Firefox:<\/b><span style=\"font-weight: 400;\"> Opciones &gt; privacidad y seguridad.<\/span><\/li>\n<li style=\"font-weight: 400;\" aria-level=\"1\"><b>Edge:<\/b><span style=\"font-weight: 400;\"> Configuraci\u00f3n &gt; Configuraci\u00f3n avanzada &gt; privacidad y servicios.<\/span><\/li>\n<li style=\"font-weight: 400;\" aria-level=\"1\"><b>Safari: <\/b><span style=\"font-weight: 400;\">Preferencias &gt; privacidad.<\/span><\/li>\n<\/ul>\n<p><span style=\"font-weight: 400;\">Sin embargo, para acceder a los sitios web de BLEBA 30, S.L. no es preceptiva la instalaci\u00f3n de cookies.<\/span><\/p>\n<p><span style=\"font-weight: 400;\">El usuario se compromete a abstenerse de reproducir, copiar, distribuir y poner a disposici\u00f3n los contenidos de la web o, de cualquier otra forma, comunicarlos p\u00fablicamente, transformarlos o modificarlos, salvo que tenga la autorizaci\u00f3n del titular de los correspondientes derechos o ello resulte legalmente permitido.<\/span><\/p>\n<p><span style=\"font-weight: 400;\"><\/span><\/p>\n<p><span style=\"font-weight: 400;\"><\/span><\/p>\n<p><\/p>[\/et_pb_text][\/et_pb_column][\/et_pb_row][\/et_pb_section]<!-- \/wp:post-content -->","protected":false},"excerpt":{"rendered":"<p>Cookie \u00e9s un fitxer que es descarrega al vostre ordinador en accedir a determinades p\u00e0gines web. Les galetes permeten a una p\u00e0gina web, entre altres coses, emmagatzemar i recuperar informaci\u00f3 sobre els h\u00e0bits de navegaci\u00f3 d\u2019un usuari o del seu equip i, depenent de la informaci\u00f3 que continguin i de la manera com utilitzi el [&hellip;]<\/p>\n","protected":false},"author":32,"featured_media":0,"parent":0,"menu_order":0,"comment_status":"closed","ping_status":"closed","template":"","meta":{"_et_pb_use_builder":"on","_et_pb_old_content":"<!-- wp:paragraph -->\r\n<p>La LSSI-CE, obliga a todos los que tienen un blog o una web a advertir al usuario de la existencia de cookies, informar sobre ellas y requerirle permiso para descargarlas.<\/p>\r\n<!-- \/wp:paragraph -->\r\n\r\n<!-- wp:paragraph -->\r\n<p>Asimismo, tal y como dispone el art\u00edculo 22.2 de la Ley 34\/2002. \u201cLos prestadores de servicios podr\u00e1n utilizar dispositivos de almacenamiento y recuperaci\u00f3n de datos en equipos terminales de los destinatarios, a condici\u00f3n de que los mismos hayan dado su consentimiento despu\u00e9s de que se les haya facilitado informaci\u00f3n clara y completa sobre su utilizaci\u00f3n, en particular, sobre los fines del tratamiento de los datos, con arreglo a lo dispuesto en la Ley Org\u00e1nica 15\/1999, de 13 de diciembre, de Protecci\u00f3n de Datos de Car\u00e1cter Personal\u201d.<\/p>\r\n<!-- \/wp:paragraph -->\r\n\r\n<!-- wp:paragraph -->\r\n<p>Como responsable de esta web, y en cumplimiento con el art\u00edculo mencionado anteriormente referente a las cookies y teniendo en cuenta la forma en la que funciona Internet y los sitios web, no siempre es posible contar con informaci\u00f3n actualizada de las cookies que terceras partes puedan utilizar a trav\u00e9s de este sitio web.<\/p>\r\n<!-- \/wp:paragraph -->\r\n\r\n<!-- wp:paragraph -->\r\n<p>Esto se aplica especialmente a casos en los que esta p\u00e1gina web contiene elementos integrados: es decir, textos, documentos, im\u00e1genes o breves pel\u00edculas que se almacenan en otra parte, pero se muestran en nuestro sitio web.<\/p>\r\n<!-- \/wp:paragraph -->\r\n\r\n<!-- wp:paragraph -->\r\n<p>Por consiguiente, en caso de que se encuentre con este tipo de cookies en este sitio web y no est\u00e9n enumeradas en la lista siguiente, le rogamos que nos lo comunique. Tambi\u00e9n puede ponerte en contacto directamente con el tercero para pedirle informaci\u00f3n sobre las cookies que coloca, la finalidad y la duraci\u00f3n de la cookie, y c\u00f3mo ha garantizado su privacidad.<\/p>\r\n<!-- \/wp:paragraph -->\r\n\r\n<!-- wp:paragraph -->\r\n<p><strong>\u00bfQU\u00c9 ES UNA COOKIE?<\/strong><\/p>\r\n<!-- \/wp:paragraph -->\r\n\r\n<!-- wp:paragraph -->\r\n<p>Cookie es un fichero que se descarga en su ordenador al acceder a determinadas p\u00e1ginas web. Las cookies permiten a una p\u00e1gina web, entre otras cosas, almacenar y recuperar informaci\u00f3n sobre los h\u00e1bitos de navegaci\u00f3n de un usuario o de su equipo y, dependiendo de la informaci\u00f3n que contengan y de la forma en que utilice su equipo, pueden utilizarse para reconocer al usuario. El navegador del usuario memoriza cookies en el disco duro solamente durante la sesi\u00f3n actual ocupando un espacio de memoria m\u00ednimo y no perjudicando al ordenador. Las cookies no contienen ninguna clase de informaci\u00f3n personal espec\u00edfica, y la mayor\u00eda de las mismas se borran del disco duro al finalizar la sesi\u00f3n de navegador (las denominadas cookies de sesi\u00f3n). La mayor\u00eda de los navegadores aceptan como est\u00e1ndar a las cookies y, con independencia de las mismas, permiten o impiden en los ajustes de seguridad las cookies temporales o memorizadas. Sin su expreso consentimiento \u2013mediante la activaci\u00f3n de las cookies en su navegador no enlazar\u00e1 en las cookies los datos memorizados con sus datos personales proporcionados en el momento del registro o la compra.<\/p>\r\n<!-- \/wp:paragraph -->\r\n\r\n<!-- wp:paragraph -->\r\n<p>kie es un fichero que se descarga en su ordenador al acceder a determinadas p\u00e1ginas web. Las cookies permiten a una p\u00e1gina web, entre otras cosas, almacenar y recuperar informaci\u00f3n sobre los h\u00e1bitos de navegaci\u00f3n de un usuario o de su equipo y, dependiendo de la informaci\u00f3n que contengan y de la forma en que utilice su equipo, pueden utilizarse para reconocer al usuario.<\/p>\r\n<!-- \/wp:paragraph -->\r\n\r\n<!-- wp:paragraph -->\r\n<p>El navegador del usuario memoriza cookies en el disco duro solamente durante la sesi\u00f3n actual ocupando un espacio de memoria m\u00ednimo y no perjudicando al ordenador. Las cookies no contienen ninguna clase de informaci\u00f3n personal espec\u00edfica, y la mayor\u00eda de las mismas se borran del disco duro al finalizar la sesi\u00f3n de navegador (las denominadas cookies de sesi\u00f3n).<\/p>\r\n<!-- \/wp:paragraph -->\r\n\r\n<!-- wp:paragraph -->\r\n<p>La mayor\u00eda de los navegadores aceptan como est\u00e1ndar a las cookies y, con independencia de las mismas, permiten o impiden en los ajustes de seguridad las cookies temporales o memorizadas.<\/p>\r\n<!-- \/wp:paragraph -->\r\n\r\n<!-- wp:paragraph -->\r\n<p>Sin su expreso consentimiento \u2013mediante la activaci\u00f3n de las cookies en su navegador\u2013 decalaveras.com no enlazar\u00e1 en las cookies los datos memorizados con sus datos personales proporcionados en el momento del registro o la compra..<\/p>\r\n<!-- \/wp:paragraph -->\r\n\r\n<!-- wp:paragraph -->\r\n<p><strong>\u00bfQu\u00e9 tipos de cookies utiliza esta p\u00e1gina web?<\/strong><\/p>\r\n<!-- \/wp:paragraph -->\r\n\r\n<!-- wp:list -->\r\n<ul><li><strong>Cookies t\u00e9cnicas<\/strong>: Son aqu\u00e9llas que permiten al usuario la navegaci\u00f3n a trav\u00e9s de una p\u00e1gina web, plataforma o aplicaci\u00f3n y la utilizaci\u00f3n de las diferentes opciones o servicios que en ella existan como, por ejemplo, controlar el tr\u00e1fico y la comunicaci\u00f3n de datos, identificar la sesi\u00f3n, acceder a partes de acceso restringido, recordar los elementos que integran un pedido, realizar el proceso de compra de un pedido, realizar la solicitud de inscripci\u00f3n o participaci\u00f3n en un evento, utilizar elementos de seguridad durante la navegaci\u00f3n, almacenar contenidos para la difusi\u00f3n de videos o sonido o compartir contenidos a trav\u00e9s de redes sociales.<\/li><li><strong>Cookies de personalizaci\u00f3n<\/strong>: Son aqu\u00e9llas que permiten al usuario acceder al servicio con algunas caracter\u00edsticas de car\u00e1cter general predefinidas en funci\u00f3n de una serie de criterios en el terminal del usuario como por ejemplo serian el idioma, el tipo de navegador a trav\u00e9s del cual accede al servicio, la configuraci\u00f3n regional desde donde accede al servicio, etc.<\/li><li><strong>Cookies de an\u00e1lisis<\/strong>: Son aqu\u00e9llas que bien tratadas por nosotros o por terceros, nos permiten cuantificar el n\u00famero de usuarios y as\u00ed realizar la medici\u00f3n y an\u00e1lisis estad\u00edstico de la utilizaci\u00f3n que hacen los usuarios del servicio ofertado. Para ello se analiza su navegaci\u00f3n en nuestra p\u00e1gina web con el fin de mejorar la oferta de productos o servicios que le ofrecemos.<\/li><li><strong>Cookies publicitarias<\/strong>: Son aqu\u00e9llas que, bien tratadas por nosotros o por terceros, nos permiten gestionar de la forma m\u00e1s eficaz posible la oferta de los espacios publicitarios que hay en la p\u00e1gina web, adecuando el contenido del anuncio al contenido del servicio solicitado o al uso que realice de nuestra p\u00e1gina web. Para ello podemos analizar sus h\u00e1bitos de navegaci\u00f3n en Internet y podemos mostrarle publicidad relacionada con su perfil de navegaci\u00f3n.<\/li><li><strong>Cookies de publicidad comportamental<\/strong>: Son aqu\u00e9llas que permiten la gesti\u00f3n, de la forma m\u00e1s eficaz posible, de los espacios publicitarios que, en su caso, el editor haya incluido en una p\u00e1gina web, aplicaci\u00f3n o plataforma desde la que presta el servicio solicitado. Estas cookies almacenan informaci\u00f3n del comportamiento de los usuarios obtenida a trav\u00e9s de la observaci\u00f3n continuada de sus h\u00e1bitos de navegaci\u00f3n, lo que permite desarrollar un perfil espec\u00edfico para mostrar publicidad en funci\u00f3n del mismo.<\/li><li><strong>Cookies de terceros<\/strong>: La Web de decalaveras.com puede utilizar servicios de terceros que, por cuenta de Google, recopilaran informaci\u00f3n con fines estad\u00edsticos, de uso del Site por parte del usuario y para la prestacion de otros servicios relacionados con la actividad del Website y otros servicios de Internet.<\/li><\/ul>\r\n<!-- \/wp:list -->\r\n\r\n<!-- wp:paragraph -->\r\n<p>En particular, este sitio Web utiliza Google Analytics, un servicio anal\u00edtico de web prestado por Google, Inc. con domicilio en los Estados Unidos con sede central en 1600 Amphitheatre Parkway, Mountain View, California 94043. \u00a0Para la prestaci\u00f3n de estos servicios, estos utilizan cookies que recopilan la informaci\u00f3n, incluida la direcci\u00f3n IP del usuario, que ser\u00e1 transmitida, tratada y almacenada por Google en los t\u00e9rminos fijados en la Web Google.com. Incluyendo la posible transmisi\u00f3n de dicha informaci\u00f3n a terceros por razones de exigencia legal o cuando dichos terceros procesen la informaci\u00f3n por cuenta de Google.<\/p>\r\n<!-- \/wp:paragraph -->\r\n\r\n<!-- wp:paragraph -->\r\n<p>El Usuario acepta expresamente, por la utilizaci\u00f3n de este Site, el tratamiento de la informaci\u00f3n recabada en la forma y con los fines anteriormente mencionados. Y asimismo reconoce conocer la posibilidad de rechazar el tratamiento de tales datos o informaci\u00f3n rechazando el uso de Cookies mediante la selecci\u00f3n de la configuraci\u00f3n apropiada a tal fin en su navegador. Si bien esta opci\u00f3n de bloqueo de Cookies en su navegador puede no permitirle el uso pleno de todas las funcionalidades del Website.<\/p>\r\n<!-- \/wp:paragraph -->\r\n\r\n<!-- wp:paragraph -->\r\n<p>Puede usted permitir, bloquear o eliminar las cookies instaladas en su equipo mediante la configuraci\u00f3n de las opciones del navegador instalado en su ordenador.<\/p>\r\n<!-- \/wp:paragraph -->\r\n\r\n<!-- wp:paragraph -->\r\n<p><strong>USO DE COOKIES DE ESTE SITIO WEB<\/strong><\/p>\r\n<!-- \/wp:paragraph -->\r\n\r\n<!-- wp:paragraph -->\r\n<p>En este sitio web utilizamos cookies de sesi\u00f3n, publicitarias, de an\u00e1lisis, propias y de terceros, en ning\u00fan caso, tratan datos de car\u00e1cter personal, pero captan h\u00e1bitos de navegaci\u00f3n para fines estad\u00edsticos.<\/p>\r\n<!-- \/wp:paragraph -->\r\n\r\n<!-- wp:paragraph -->\r\n<p>Por ello, al acceder a nuestra web, en cumplimiento del art\u00edculo 22 de la Ley de Servicios de la Sociedad de la Informaci\u00f3n le hemos solicitado su consentimiento para su uso.<\/p>\r\n<!-- \/wp:paragraph -->\r\n\r\n<!-- wp:paragraph -->\r\n<p>De todas formas, le informamos que puede activar o desactivar y estas cookies siguiendo las instrucciones de su navegador de Internet:<\/p>\r\n<!-- \/wp:paragraph -->\r\n\r\n<!-- wp:paragraph -->\r\n<p>Chrome: Configuraci\u00f3n -> Mostrar opciones avanzadas -> Privacidad -> Configuraci\u00f3n de contenido.<\/p>\r\n<!-- \/wp:paragraph -->\r\n\r\n<!-- wp:paragraph -->\r\n<p>Firefox: Herramientas -> Opciones -> Privacidad -> Historial -> Configuraci\u00f3n Personalizada.<\/p>\r\n<!-- \/wp:paragraph -->\r\n\r\n<!-- wp:paragraph -->\r\n<p>Internet Explorer: Herramientas -> Opciones de Internet -> Privacidad -> Configuraci\u00f3n.<\/p>\r\n<!-- \/wp:paragraph -->\r\n\r\n<!-- wp:paragraph -->\r\n<p>Safari: Preferencias -> Seguridad.<\/p>\r\n<!-- \/wp:paragraph -->\r\n\r\n<!-- wp:paragraph -->\r\n<p>Opera: Herramientas -> Preferencias -> Editar preferencias > Cookies<\/p>\r\n<!-- \/wp:paragraph -->\r\n\r\n<!-- wp:paragraph -->\r\n<p>Para m\u00e1s informaci\u00f3n, puede consultar en la Ayuda de su navegador o en las p\u00e1ginas de soporte de los mismos:<\/p>\r\n<!-- \/wp:paragraph -->\r\n\r\n<!-- wp:paragraph -->\r\n<p>Chrome:\u00a0<a href=\"https:\/\/support.google.com\/\"><strong>support.google.com<\/strong><\/a><\/p>\r\n<!-- \/wp:paragraph -->\r\n\r\n<!-- wp:paragraph -->\r\n<p>FireFox:\u00a0<a href=\"https:\/\/support.mozilla.org\/\"><strong>support.mozilla.org<\/strong><\/a><\/p>\r\n<!-- \/wp:paragraph -->\r\n\r\n<!-- wp:paragraph -->\r\n<p>Internet Explorer:\u00a0<a href=\"https:\/\/windows.microsoft.com\/\"><strong>windows.microsoft.com<\/strong><\/a><\/p>\r\n<!-- \/wp:paragraph -->\r\n\r\n<!-- wp:paragraph -->\r\n<p>Safari:\u00a0<a href=\"http:\/\/www.apple.com\/\"><strong>http:\/\/www.apple.com<\/strong><\/a><\/p>\r\n<!-- \/wp:paragraph -->\r\n\r\n<!-- wp:paragraph -->\r\n<p>Opera:\u00a0<a href=\"http:\/\/www.opera.com\/help\/tutorials\/security\/cookies\/\"><strong>http:\/\/www.opera.com\/help\/tutorials\/security\/cookies\/<\/strong><\/a><\/p>\r\n<!-- \/wp:paragraph -->","_et_gb_content_width":"","footnotes":""},"class_list":["post-103242","page","type-page","status-publish","hentry"],"_links":{"self":[{"href":"https:\/\/antartida.tv\/web\/es\/wp-json\/wp\/v2\/pages\/103242","targetHints":{"allow":["GET"]}}],"collection":[{"href":"https:\/\/antartida.tv\/web\/es\/wp-json\/wp\/v2\/pages"}],"about":[{"href":"https:\/\/antartida.tv\/web\/es\/wp-json\/wp\/v2\/types\/page"}],"author":[{"embeddable":true,"href":"https:\/\/antartida.tv\/web\/es\/wp-json\/wp\/v2\/users\/32"}],"replies":[{"embeddable":true,"href":"https:\/\/antartida.tv\/web\/es\/wp-json\/wp\/v2\/comments?post=103242"}],"version-history":[{"count":0,"href":"https:\/\/antartida.tv\/web\/es\/wp-json\/wp\/v2\/pages\/103242\/revisions"}],"wp:attachment":[{"href":"https:\/\/antartida.tv\/web\/es\/wp-json\/wp\/v2\/media?parent=103242"}],"curies":[{"name":"wp","href":"https:\/\/api.w.org\/{rel}","templated":true}]}}