{"id":102849,"date":"2024-03-27T12:11:12","date_gmt":"2024-03-27T11:11:12","guid":{"rendered":"http:\/\/antartida.tv\/web\/quienes-somos\/"},"modified":"2026-03-06T16:13:13","modified_gmt":"2026-03-06T15:13:13","slug":"quienes-somos","status":"publish","type":"page","link":"https:\/\/antartida.tv\/web\/es\/quienes-somos\/","title":{"rendered":"Qui\u00e9nes somos"},"content":{"rendered":"[et_pb_section fb_built=\u00bb1&#8243; fullwidth=\u00bbon\u00bb custom_padding_last_edited=\u00bbon|desktop\u00bb _builder_version=\u00bb4.25.0&#8243; background_color=\u00bb#ffffff\u00bb background_enable_image=\u00bboff\u00bb background_video_mp4=\u00bbhttps:\/\/antartida.tv\/web\/wp-content\/uploads\/2024\/04\/inici-antartida-aigua.mp4&#8243; custom_padding_tablet=\u00bb\u00bb custom_padding_phone=\u00bb\u00bb transparent_background=\u00bboff\u00bb global_colors_info=\u00bb{}\u00bb][et_pb_fullwidth_header title=\u00bbQui\u00e9nes somos\u00bb text_orientation=\u00bbcenter\u00bb background_overlay_color=\u00bbrgba(29,43,48,0.2)\u00bb _builder_version=\u00bb4.25.0&#8243; title_font_size=\u00bb48px\u00bb subhead_font=\u00bb||||||||\u00bb background_color=\u00bbrgba(255,255,255,0)\u00bb background_enable_image=\u00bboff\u00bb max_width_tablet=\u00bb50px\u00bb custom_padding=\u00bb150px||150px||true\u00bb custom_padding_tablet=\u00bb100px||100px||true\u00bb custom_padding_phone=\u00bb50px||50px||true\u00bb custom_padding_last_edited=\u00bbon|phone\u00bb title_font_size_tablet=\u00bb\u00bb title_font_size_phone=\u00bb30px\u00bb title_font_size_last_edited=\u00bbon|phone\u00bb custom_css_main_element=\u00bbpadding-top: 110px;||padding-bottom: 180px;\u00bb locked=\u00bboff\u00bb global_colors_info=\u00bb{}\u00bb button_one_text_size__hover_enabled=\u00bboff\u00bb button_two_text_size__hover_enabled=\u00bboff\u00bb button_one_text_color__hover_enabled=\u00bboff\u00bb button_two_text_color__hover_enabled=\u00bboff\u00bb button_one_border_width__hover_enabled=\u00bboff\u00bb button_two_border_width__hover_enabled=\u00bboff\u00bb button_one_border_color__hover_enabled=\u00bboff\u00bb button_two_border_color__hover_enabled=\u00bboff\u00bb button_one_border_radius__hover_enabled=\u00bboff\u00bb button_two_border_radius__hover_enabled=\u00bboff\u00bb button_one_letter_spacing__hover_enabled=\u00bboff\u00bb button_two_letter_spacing__hover_enabled=\u00bboff\u00bb button_one_bg_color__hover_enabled=\u00bboff\u00bb button_two_bg_color__hover_enabled=\u00bboff\u00bb][\/et_pb_fullwidth_header][\/et_pb_section][et_pb_section fb_built=\u00bb1&#8243; _builder_version=\u00bb4.25.0&#8243; _module_preset=\u00bbdefault\u00bb custom_padding=\u00bb100px||100px|||\u00bb global_colors_info=\u00bb{}\u00bb][et_pb_row column_structure=\u00bb1_2,1_2&#8243; _builder_version=\u00bb4.25.0&#8243; _module_preset=\u00bbdefault\u00bb global_colors_info=\u00bb{}\u00bb][et_pb_column type=\u00bb1_2&#8243; _builder_version=\u00bb4.25.0&#8243; _module_preset=\u00bbdefault\u00bb global_colors_info=\u00bb{}\u00bb][et_pb_image src=\u00bbhttps:\/\/antartida.tv\/web\/wp-content\/uploads\/2024\/04\/empresa-qui-som-scaled.jpg\u00bb title_text=\u00bb \u00bb align_tablet=\u00bbcenter\u00bb align_phone=\u00bbcenter\u00bb align_last_edited=\u00bbon|desktop\u00bb module_class=\u00bbzoomImage\u00bb _builder_version=\u00bb4.24.3&#8243; animation_style=\u00bbfade\u00bb animation_duration=\u00bb500ms\u00bb sticky=\u00bboff\u00bb use_border_color=\u00bboff\u00bb border_color=\u00bb#ffffff\u00bb border_style=\u00bbsolid\u00bb global_colors_info=\u00bb{}\u00bb][\/et_pb_image][\/et_pb_column][et_pb_column type=\u00bb1_2&#8243; _builder_version=\u00bb4.25.0&#8243; _module_preset=\u00bbdefault\u00bb global_colors_info=\u00bb{}\u00bb][et_pb_text _builder_version=\u00bb4.24.2&#8243; text_font_size=\u00bb18px\u00bb background_size=\u00bbinitial\u00bb background_position=\u00bbtop_left\u00bb background_repeat=\u00bbrepeat\u00bb use_border_color=\u00bboff\u00bb border_color=\u00bb#ffffff\u00bb border_style=\u00bbsolid\u00bb global_colors_info=\u00bb{}\u00bb]\n<p><span style=\"font-weight: 400;\">Ant\u00e0rtida Produccions es una productora audiovisual fundada en 2005 por Carles Porta, quien lleva m\u00e1s de 30 a\u00f1os dedicado al sector audiovisual.<\/span><\/p>\n<p><span style=\"font-weight: 400;\">Nuestro equipo humano es vers\u00e1til y polivalente y cuenta con varios profesionales en el campo del gui\u00f3n, la producci\u00f3n, la direcci\u00f3n de contenidos y la postproducci\u00f3n. Esto nos permite conseguir grandes proyectos desde una perspectiva global.<\/span><\/p>\n<p>&nbsp;<\/p>\n[\/et_pb_text][\/et_pb_column][\/et_pb_row][\/et_pb_section][et_pb_section fb_built=\u00bb1&#8243; _builder_version=\u00bb4.27.6&#8243; _module_preset=\u00bbdefault\u00bb background_video_mp4=\u00bbhttps:\/\/antartida.tv\/web\/wp-content\/uploads\/2026\/03\/qui-som-206-v2exp01.mp4&#8243; hover_enabled=\u00bb0&#8243; sticky_enabled=\u00bb0&#8243; background_video_width=\u00bb1920&#8243; background_video_height=\u00bb1200&#8243; width=\u00bb100%\u00bb max_width=\u00bb100%\u00bb custom_padding=\u00bb15vw||15vw||true|false\u00bb disabled_on=\u00bbon|on|off\u00bb min_height=\u00bb780px\u00bb locked=\u00bboff\u00bb][\/et_pb_section][et_pb_section fb_built=\u00bb1&#8243; inner_shadow=\u00bbon\u00bb custom_padding_last_edited=\u00bbon|desktop\u00bb disabled_on=\u00bboff|off|on\u00bb module_id=\u00bbvideoHeader\u00bb _builder_version=\u00bb4.27.6&#8243; background_color=\u00bbRGBA(255,255,255,0)\u00bb background_enable_image=\u00bboff\u00bb background_video_mp4=\u00bbhttps:\/\/antartida.tv\/web\/wp-content\/uploads\/2026\/03\/qui-som-v2.mp4&#8243; background_video_width=\u00bb1920&#8243; background_video_height=\u00bb1080&#8243; module_alignment=\u00bbleft\u00bb min_height=\u00bb250px\u00bb max_height_tablet=\u00bb\u00bb max_height_phone=\u00bb\u00bb max_height_last_edited=\u00bbon|phone\u00bb custom_margin=\u00bb0px|0px|0px|0px|false|false\u00bb custom_padding=\u00bb0px|0px|0px|0px|false|false\u00bb custom_padding_tablet=\u00bb300px||300px|\u00bb custom_padding_phone=\u00bb75px||75px|\u00bb hover_enabled=\u00bb0&#8243; transparent_background=\u00bboff\u00bb locked=\u00bboff\u00bb global_colors_info=\u00bb{}\u00bb sticky_enabled=\u00bb0&#8243;][\/et_pb_section][et_pb_section fb_built=\u00bb1&#8243; _builder_version=\u00bb4.25.0&#8243; _module_preset=\u00bbdefault\u00bb custom_padding=\u00bb||50px|||\u00bb global_colors_info=\u00bb{}\u00bb][et_pb_row _builder_version=\u00bb4.25.0&#8243; _module_preset=\u00bbdefault\u00bb global_colors_info=\u00bb{}\u00bb][et_pb_column type=\u00bb4_4&#8243; _builder_version=\u00bb4.25.0&#8243; _module_preset=\u00bbdefault\u00bb global_colors_info=\u00bb{}\u00bb][et_pb_text _builder_version=\u00bb4.27.6&#8243; _module_preset=\u00bbdefault\u00bb global_colors_info=\u00bb{}\u00bb][\/et_pb_text][\/et_pb_column][\/et_pb_row][\/et_pb_section][et_pb_section fb_built=\u00bb1&#8243; custom_padding_last_edited=\u00bbon|phone\u00bb module_class=\u00bbgreyOverlay josefinPivotal\u00bb _builder_version=\u00bb4.24.3&#8243; background_color=\u00bbrgba(255,255,255,0)\u00bb background_image=\u00bbhttps:\/\/antartida.tv\/web\/wp-content\/uploads\/2024\/04\/projecte-qui-som.jpg\u00bb parallax=\u00bbon\u00bb parallax_method=\u00bboff\u00bb custom_padding=\u00bb150px||150px|\u00bb custom_padding_tablet=\u00bb100px||100px|\u00bb custom_padding_phone=\u00bb50px||50px|\u00bb transparent_background=\u00bboff\u00bb locked=\u00bboff\u00bb global_colors_info=\u00bb{}\u00bb][et_pb_row _builder_version=\u00bb4.16&#8243; background_size=\u00bbinitial\u00bb background_position=\u00bbtop_left\u00bb background_repeat=\u00bbrepeat\u00bb global_colors_info=\u00bb{}\u00bb][et_pb_column type=\u00bb4_4&#8243; _builder_version=\u00bb4.16&#8243; custom_padding=\u00bb|||\u00bb global_colors_info=\u00bb{}\u00bb custom_padding__hover=\u00bb|||\u00bb][et_pb_text _builder_version=\u00bb4.24.2&#8243; text_font=\u00bbJosefin Sans|||on|||||\u00bb text_font_size=\u00bb18px\u00bb text_letter_spacing=\u00bb7px\u00bb quote_font=\u00bb||on||||||\u00bb header_font=\u00bb||||||||\u00bb header_2_font=\u00bb|700|||||||\u00bb header_2_font_size=\u00bb48px\u00bb header_5_font_size=\u00bb18px\u00bb text_orientation=\u00bbcenter\u00bb background_layout=\u00bbdark\u00bb custom_margin=\u00bb||5px\u00bb animation_style=\u00bbslide\u00bb animation_direction=\u00bbbottom\u00bb animation_delay=\u00bb500ms\u00bb animation_intensity_slide=\u00bb5%\u00bb text_font_size_tablet=\u00bb\u00bb text_font_size_phone=\u00bb12px\u00bb text_font_size_last_edited=\u00bbon|phone\u00bb header_2_font_size_tablet=\u00bb36px\u00bb header_2_font_size_phone=\u00bb30px\u00bb header_2_font_size_last_edited=\u00bbon|phone\u00bb locked=\u00bboff\u00bb global_colors_info=\u00bb{}\u00bb header_4_font_size__hover=\u00bb18px\u00bb header_4_font_size__hover_enabled=\u00bb18px\u00bb header_4_letter_spacing__hover=\u00bb0px\u00bb header_4_letter_spacing__hover_enabled=\u00bb0px\u00bb header_4_line_height__hover=\u00bb1em\u00bb header_4_line_height__hover_enabled=\u00bb1em\u00bb header_4_text_shadow_style__hover=\u00bbnone\u00bb header_4_text_shadow_style__hover_enabled=\u00bbnone\u00bb header_4_text_shadow_color__hover=\u00bbrgba(0,0,0,0.4)\u00bb header_4_text_shadow_color__hover_enabled=\u00bbrgba(0,0,0,0.4)\u00bb]\n<h2>\u00bfHABLAMOS DE TU PROYECTO??<\/h2>\n[\/et_pb_text][et_pb_button button_url=\u00bbhttps:\/\/antartida.tv\/web\/es\/contacto\/\u00bb button_text=\u00bb\u00a1CONTACTA!\u00bb button_alignment=\u00bbcenter\u00bb _builder_version=\u00bb4.24.2&#8243; custom_button=\u00bbon\u00bb button_text_color=\u00bb#ffffff\u00bb button_bg_color=\u00bbrgba(255,255,255,0)\u00bb button_border_color=\u00bb#ffffff\u00bb button_font=\u00bb||||||||\u00bb button_use_icon=\u00bboff\u00bb custom_padding=\u00bb10px|25px|5px|30px\u00bb animation_style=\u00bbfade\u00bb animation_duration=\u00bb1500ms\u00bb animation_delay=\u00bb1000ms\u00bb locked=\u00bboff\u00bb global_colors_info=\u00bb{}\u00bb button_bg_color__hover_enabled=\u00bbon\u00bb button_bg_color__hover=\u00bb#ffffff\u00bb button_text_size__hover_enabled=\u00bbon\u00bb button_border_color__hover_enabled=\u00bbon\u00bb button_border_color__hover=\u00bbrgba(255,255,255,0)\u00bb button_text_color__hover_enabled=\u00bbon\u00bb button_text_color__hover=\u00bb#000000&#8243;][\/et_pb_button][\/et_pb_column][\/et_pb_row][\/et_pb_section]\n","protected":false},"excerpt":{"rendered":"<p>Ant\u00e0rtida Produccions es una productora audiovisual fundada en 2005 por Carles Porta, quien lleva m\u00e1s de 30 a\u00f1os dedicado al sector audiovisual. Nuestro equipo humano es vers\u00e1til y polivalente y cuenta con varios profesionales en el campo del gui\u00f3n, la producci\u00f3n, la direcci\u00f3n de contenidos y la postproducci\u00f3n. Esto nos permite conseguir grandes proyectos desde [&hellip;]<\/p>\n","protected":false},"author":32,"featured_media":0,"parent":0,"menu_order":0,"comment_status":"closed","ping_status":"closed","template":"","meta":{"_et_pb_use_builder":"on","_et_pb_old_content":"","_et_gb_content_width":"","footnotes":""},"class_list":["post-102849","page","type-page","status-publish","hentry"],"_links":{"self":[{"href":"https:\/\/antartida.tv\/web\/es\/wp-json\/wp\/v2\/pages\/102849","targetHints":{"allow":["GET"]}}],"collection":[{"href":"https:\/\/antartida.tv\/web\/es\/wp-json\/wp\/v2\/pages"}],"about":[{"href":"https:\/\/antartida.tv\/web\/es\/wp-json\/wp\/v2\/types\/page"}],"author":[{"embeddable":true,"href":"https:\/\/antartida.tv\/web\/es\/wp-json\/wp\/v2\/users\/32"}],"replies":[{"embeddable":true,"href":"https:\/\/antartida.tv\/web\/es\/wp-json\/wp\/v2\/comments?post=102849"}],"version-history":[{"count":10,"href":"https:\/\/antartida.tv\/web\/es\/wp-json\/wp\/v2\/pages\/102849\/revisions"}],"predecessor-version":[{"id":103961,"href":"https:\/\/antartida.tv\/web\/es\/wp-json\/wp\/v2\/pages\/102849\/revisions\/103961"}],"wp:attachment":[{"href":"https:\/\/antartida.tv\/web\/es\/wp-json\/wp\/v2\/media?parent=102849"}],"curies":[{"name":"wp","href":"https:\/\/api.w.org\/{rel}","templated":true}]}}